{"id":44,"date":"2019-12-15T17:30:40","date_gmt":"2019-12-15T17:30:40","guid":{"rendered":"https:\/\/fuck-the.net\/fewo\/?page_id=44"},"modified":"2021-11-28T20:42:13","modified_gmt":"2021-11-28T19:42:13","slug":"umgebung","status":"publish","type":"page","link":"https:\/\/fewo-pilz.de\/?page_id=44","title":{"rendered":"Umgebung"},"content":{"rendered":"\n<div style=\"height:43px\" aria-hidden=\"true\" class=\"wp-block-spacer\"><\/div>\n\n\n\n<div class=\"wp-block-image\"><figure class=\"aligncenter size-large\"><img loading=\"lazy\" decoding=\"async\" width=\"1024\" height=\"512\" src=\"https:\/\/fuck-the.net\/fewo\/wp-content\/uploads\/2021\/11\/umgebung-massstab-skal-1-1024x512.jpg\" alt=\"\" class=\"wp-image-596\" srcset=\"https:\/\/fewo-pilz.de\/wp-content\/uploads\/2021\/11\/umgebung-massstab-skal-1-1024x512.jpg 1024w, https:\/\/fewo-pilz.de\/wp-content\/uploads\/2021\/11\/umgebung-massstab-skal-1-300x150.jpg 300w, https:\/\/fewo-pilz.de\/wp-content\/uploads\/2021\/11\/umgebung-massstab-skal-1-768x384.jpg 768w, https:\/\/fewo-pilz.de\/wp-content\/uploads\/2021\/11\/umgebung-massstab-skal-1-1536x768.jpg 1536w, https:\/\/fewo-pilz.de\/wp-content\/uploads\/2021\/11\/umgebung-massstab-skal-1-2048x1024.jpg 2048w\" sizes=\"(max-width: 1024px) 100vw, 1024px\" \/><\/figure><\/div>\n\n\n\n<ol class=\"has-white-color has-black-background-color has-text-color has-background has-medium-font-size\"><li>1 Minute Fu\u00dfweg: Etwa 80 m die Krummebergstra\u00dfe hinunter finden Sie das St. Nikolaus-M\u00fcnster, welches zwischen 1350 und 1576 erbaut wurde. Es ist au\u00dferhalb der Gottesdienstzeiten t\u00e4glich von 8 bis 18 Uhr f\u00fcr Besucher ge\u00f6ffnet. Manchmal ist es sogar m\u00f6glich, den Turm zu besteigen und einen tollen Blick \u00fcber \u00dcberlingen und den Bodensee zu genie\u00dfen.<\/li><li>2 Minuten Fu\u00dfweg: Auf der gegen\u00fcberliegenden Seite des St. Nikolaus-M\u00fcnsters befindet sich das historische Rathaus und ein gro\u00dfer Versammlungsplatz, die sogenannte &#8222;Hofstatt&#8220;. Jeden Mittwoch und Samstag findet dort ein sch\u00f6ner Markt statt. An Samstagen findet zus\u00e4tzlich ein kleinerer lokaler Bauernmarkt direkt neben dem M\u00fcnster statt.<\/li><li>5 Minuten Fu\u00dfweg: Nachdem Sie die Hafenstra\u00dfe \u00fcberquert haben, stehen Sie bereits auf dem Landungsplatz vor dem Bodensee. Hier k\u00f6nnen Sie eines der regelm\u00e4\u00dfig verkehrenden Shuttle-Boote \u00fcber den See nach Wallhausen nehmen oder eine der zahlreichen Rundfahrten, die Sie in der dortigen Tourist-Information buchen k\u00f6nnen. Au\u00dferdem befindet sich dort einer der beiden Busbahnh\u00f6fe, welcher ein guter Ausgangspunkt f\u00fcr jeden Tagesausflug ist.<\/li><li>Ganz in der N\u00e4he befindet sich die &#8222;Greth&#8220;, ein multifunktionales Geb\u00e4ude mit einem kleinen Markt und einer Cafeteria im Erdgeschoss, sowie einem netten italienischen Restaurant. Unter dem Dach befinden sich drei sehr kleine, aber gem\u00fctliche Kinos\u00e4le.<\/li><li>Die M\u00fcnsterstra\u00dfe, die unterhalb des St. Nikolaus-M\u00fcnster und oberhalb der Hofstatt verl\u00e4uft, ist die Haupteinkaufsstra\u00dfe mit vielen kleinen Modeboutiquen, Friseuren und Feinkostl\u00e4den.<\/li><li>An ihrem rechten Ende befindet sich ein nahegelegener Supermarkt f\u00fcr den t\u00e4glichen Bedarf. Weitere Einkaufsm\u00f6glichkeiten finden Sie bei einem 10-min\u00fctigen Spaziergang in Richtung Norden, welche sich aber bereits au\u00dferhalb dieser Karte befinden.<\/li><li>Bei einem Spaziergang entlang der Promenade in Richtung der linken Seite werden Sie sich irgendwann im &#8222;Badgarten&#8220; wiederfinden, welcher eine sch\u00f6ne Ruhe- und Entspannungszone darstellt. Er geh\u00f6rt zum Kursaal, der einer Stadthalle \u00e4hnelt. Hier finden viele kulturelle Veranstaltungen wie Konzerte, Diskussionen, Theater und mehr statt.<\/li><li>Dies ist das Restaurant und Weinhaus &#8222;Renker&#8220;. Es liegt so nah an unseren Appartements, dass man es sogar von dort aus sehen kann.<\/li><li>Hier ist das Museum von \u00dcberlingen. Zu diesem Museum geh\u00f6rt neben den historischen Ausstellungen auch ein gro\u00dfer Garten mit toller Aussicht, in welchem ebenfalls einige kulturelle Veranstaltungen stattfinden.<\/li><li>5 Gehminuten von unserer Ferienwohnung entfernt befindet sich der Hauptbahnhof von \u00dcberlingen. Die Z\u00fcge in Richtung Osten fahren \u00fcber Friedrichshafen in Richtung Ulm und die Z\u00fcge in Richtung Westen in Richtung Basel mit guten Umsteigem\u00f6glichkeiten in Radolfzell und Singen. Au\u00dferdem befindet sich direkt angrenzend der zweite und auch gr\u00f6\u00dfere Busbahnhof der Stadt.<\/li><li>Au\u00dferhalb dieser Karte gibt es, wenn man einfach weiter an der Promenade entlangl\u00e4uft, einen h\u00fcbschen Park mit Uferzugang und einem Spielplatz (auch gibt es viele weitere Spielpl\u00e4tze in ganz \u00dcberlingen, die interessant sein k\u00f6nnten, wenn Sie mit Kindern reisen). Am n\u00f6rdlichen Ende dieses Parks, auf der gegen\u00fcberliegenden Stra\u00dfenseite, befindet sich der Eingang zum Rosengarten, der in den Stadtgraben f\u00fchrt. Hier kann man gro\u00dfe Gartenanlagen genie\u00dfen und manchmal seltene V\u00f6gel beobachten sowie einen herrlichen Blick in den Graben und auf die Felsen genie\u00dfen, auf welchen \u00dcberlingen erbaut ist.<\/li><li>Wenn Sie noch ein bis zwei Minuten weiter entlang der Promenade spazieren, erreichen Sie zwei der \u00dcberlinger Schwimmb\u00e4der. Zum einen das Strandbad West am Bodensee, welches nur in den Sommermonaten ge\u00f6ffnet ist und zum anderen die Therme mit vielen Wasserattraktionen, Schwimmsportbereich, Saunen und einem sch\u00f6nen Wellnessbereich.<\/li><\/ol>\n\n\n\n<p class=\"has-white-color has-black-background-color has-text-color has-background has-medium-font-size\">All dies ist nur ein kurzer und nat\u00fcrlich unvollst\u00e4ndiger \u00dcberblick \u00fcber die Dinge, die Sie in \u00dcberlingen tun oder sehen k\u00f6nnen. Es gibt noch viel mehr zu entdecken, also kommen Sie vorbei und genie\u00dfen Sie die sch\u00f6ne Altstadt von \u00dcberlingen und machen Sie sich Ihr eigenes Bild!<\/p>\n","protected":false},"excerpt":{"rendered":"<p>1 Minute Fu\u00dfweg: Etwa 80 m die Krummebergstra\u00dfe hinunter finden Sie das St. Nikolaus-M\u00fcnster, welches zwischen 1350 und 1576 erbaut wurde. Es ist au\u00dferhalb der&hellip;<\/p>\n","protected":false},"author":1,"featured_media":0,"parent":0,"menu_order":0,"comment_status":"closed","ping_status":"closed","template":"","meta":{"footnotes":""},"_links":{"self":[{"href":"https:\/\/fewo-pilz.de\/index.php?rest_route=\/wp\/v2\/pages\/44"}],"collection":[{"href":"https:\/\/fewo-pilz.de\/index.php?rest_route=\/wp\/v2\/pages"}],"about":[{"href":"https:\/\/fewo-pilz.de\/index.php?rest_route=\/wp\/v2\/types\/page"}],"author":[{"embeddable":true,"href":"https:\/\/fewo-pilz.de\/index.php?rest_route=\/wp\/v2\/users\/1"}],"replies":[{"embeddable":true,"href":"https:\/\/fewo-pilz.de\/index.php?rest_route=%2Fwp%2Fv2%2Fcomments&post=44"}],"version-history":[{"count":14,"href":"https:\/\/fewo-pilz.de\/index.php?rest_route=\/wp\/v2\/pages\/44\/revisions"}],"predecessor-version":[{"id":597,"href":"https:\/\/fewo-pilz.de\/index.php?rest_route=\/wp\/v2\/pages\/44\/revisions\/597"}],"wp:attachment":[{"href":"https:\/\/fewo-pilz.de\/index.php?rest_route=%2Fwp%2Fv2%2Fmedia&parent=44"}],"curies":[{"name":"wp","href":"https:\/\/api.w.org\/{rel}","templated":true}]}}